{"id":1721,"date":"2021-06-14T10:07:47","date_gmt":"2021-06-14T10:07:47","guid":{"rendered":"http:\/\/bahriyeli.com\/?page_id=1721"},"modified":"2021-06-14T10:30:30","modified_gmt":"2021-06-14T10:30:30","slug":"3-week-marmaris-canakkale-marmaris","status":"publish","type":"page","link":"https:\/\/bahriyeli.com\/en\/3-week-marmaris-canakkale-marmaris\/","title":{"rendered":"3 Week Marmaris &#8211; \u00c7anakkale (Troja) &#8211; Marmaris"},"content":{"rendered":"<div class=\"wpb-content-wrapper\"><p>[vc_row][vc_column]<h1 class=\"sc_title sc_title_underline\">Marmaris &#8211; \u00c7anakkale &#8211; Marmaris<\/h1>[vc_column_text]<\/p>\n<ol>\n<li>Day Marmaris<\/li>\n<li>Day Bozukkale (Loryma)<\/li>\n<li>Day Datca<\/li>\n<li>Day Bodrum<\/li>\n<li>Day Iassos<\/li>\n<li>Day Didim (Miletos)<\/li>\n<li>Day Kusadasi<\/li>\n<li>Day Cesme<\/li>\n<li>Day Karaburun<\/li>\n<li>Day Dikili<\/li>\n<li>Day Ayvacik<\/li>\n<li>Day Canakkale (Troja)<\/li>\n<li>Day Dalyan<\/li>\n<li>Day Ayvalik<\/li>\n<li>Day Cesme<\/li>\n<li>Day Didim (Priene)<\/li>\n<li>Day G\u00fcm\u00fcsl\u00fck (Myndos)<\/li>\n<li>Day Knydos<\/li>\n<li>Day Serce<\/li>\n<li>Day Kadirga<\/li>\n<li>Kumlub\u00fck, Turunc und Marmaris<\/li>\n<li>Day Marmaris<\/li>\n<\/ol>\n<p>[\/vc_column_text][\/vc_column][\/vc_row]<\/p>\n<\/div>","protected":false},"excerpt":{"rendered":"<p>[vc_row][vc_column][vc_column_text] Day Marmaris Day Bozukkale (Loryma) Day Datca Day Bodrum Day Iassos Day Didim (Miletos) Day Kusadasi Day Cesme Day Karaburun Day Dikili Day Ayvacik Day Canakkale (Troja) Day Dalyan Day Ayvalik Day Cesme Day Didim (Priene) Day G\u00fcm\u00fcsl\u00fck (Myndos) Day Knydos Day Serce Day Kadirga Kumlub\u00fck, Turunc und Marmaris Day Marmaris [\/vc_column_text][\/vc_column][\/vc_row]<\/p>\n","protected":false},"author":1,"featured_media":0,"parent":0,"menu_order":0,"comment_status":"closed","ping_status":"closed","template":"","meta":[],"_links":{"self":[{"href":"https:\/\/bahriyeli.com\/en\/wp-json\/wp\/v2\/pages\/1721"}],"collection":[{"href":"https:\/\/bahriyeli.com\/en\/wp-json\/wp\/v2\/pages"}],"about":[{"href":"https:\/\/bahriyeli.com\/en\/wp-json\/wp\/v2\/types\/page"}],"author":[{"embeddable":true,"href":"https:\/\/bahriyeli.com\/en\/wp-json\/wp\/v2\/users\/1"}],"replies":[{"embeddable":true,"href":"https:\/\/bahriyeli.com\/en\/wp-json\/wp\/v2\/comments?post=1721"}],"version-history":[{"count":3,"href":"https:\/\/bahriyeli.com\/en\/wp-json\/wp\/v2\/pages\/1721\/revisions"}],"predecessor-version":[{"id":1737,"href":"https:\/\/bahriyeli.com\/en\/wp-json\/wp\/v2\/pages\/1721\/revisions\/1737"}],"wp:attachment":[{"href":"https:\/\/bahriyeli.com\/en\/wp-json\/wp\/v2\/media?parent=1721"}],"curies":[{"name":"wp","href":"https:\/\/api.w.org\/{rel}","templated":true}]}}